{"id":3,"date":"2025-01-27T16:50:43","date_gmt":"2025-01-27T16:50:43","guid":{"rendered":"https:\/\/massimisicurezza.it\/?page_id=3"},"modified":"2025-02-18T17:27:32","modified_gmt":"2025-02-18T17:27:32","slug":"policy","status":"publish","type":"page","link":"https:\/\/massimisicurezza.it\/?page_id=3","title":{"rendered":"Privacy Policy e Informazioni Legali"},"content":{"rendered":"\n<h3 class=\"wp-block-heading\" style=\"margin-top:30px;margin-right:0px;margin-bottom:20px;margin-left:0px\">Privacy Policy e Informazioni Legali<\/h3>\n\n\n\n<p>In ottemperanza agli obblighi derivanti dalla normativa europea (Regolamento (UE) 2016\/679, o anche GDPR) e nazionale (D. Lgs 30 giugno 2003 n. 196, cos\u00ec come modificato dal D.Lgs. n. 101\/2018), in questa pagina vengono descritte le modalit\u00e0 di gestione del sito www.massimisicurezza.it, con riguardo al trattamento dei dati degli utenti che lo consultano. Il presente sito rispetta e tutela la riservatezza dei visitatori e degli utenti, ponendo in essere ogni sforzo possibile e proporzionato per non ledere i loro diritti.<\/p>\n\n\n\n<p>L\u2019informativa \u00e8 resa solo per il sito in oggetto e non anche per altri siti web eventualmente consultati dall\u2019utente tramite link.<\/p>\n\n\n\n<p>Il presente sito&nbsp;<strong>non pubblica annunci pubblicitari, non usa dati a fini di invio di pubblicit\u00e0 e non richiede contatti,&nbsp;<\/strong>tuttavia ricorre a&nbsp;<strong>servizi di terze parti&nbsp;<\/strong>al fine di migliorare l&#8217;utilizzo del sito, terze parti che potrebbero raccogliere dati degli utenti e poi usarli per inviare annunci pubblicitari personalizzati su altri siti.<\/p>\n\n\n\n<p>Qualora l\u2019utente utilizzi i dati di contatto presenti sul sito per sollecitare o richiedere a F.lli Massimi S.n.c. contatti, invio di materiale informativo o altri tipi di comunicazione, F.lli Massimi S.n.c. provveder\u00e0 ad informare l\u2019utente sulle modalit\u00e0 e sui termini del trattamento dei dati effettuato dalla propria organizzazione, al primo contatto utile.<\/p>\n\n\n\n<p>Il sito usa anche&nbsp;<strong>plugin sociali&nbsp;<\/strong>(Faceboobk) per semplificare la condivisione degli articoli sui social network. Tali plugin sono configurati in modo che inviino cookie (e quindi eventualmente raccolgano dati) solo dopo che l&#8217;utente ha cliccato sul plugin.<\/p>\n\n\n\n<p>Sul nostro sito sono presenti servizi di statistiche, quali Google Analytics, che utilizzano cookie (vedi privacy policy di Google) e contatori visite e statistiche web Shynistat (vedi Privacy Policy Shynistat &#8211; Infomativa estesa cookie). Potete escludere i cookie o cancellarli con appositi programmi, anche gratuiti, o pi\u00f9 semplicemente disabilitando i cookie sui vostri browser. Usando i siti accettate i servizi cos\u00ec come sono offerti e dettagliati.<\/p>\n\n\n\n<p><strong>IL \u201cTITOLARE\u201d DEL TRATTAMENTO<\/strong><\/p>\n\n\n\n<p>A seguito della consultazione di questo sito possono essere trattati dati relativi a persone identificate o identificabili.<\/p>\n\n\n\n<p>Il \u201ctitolare\u201d del loro trattamento \u00e8&nbsp;<strong>F.LLI MASSIMI S.n.c.&nbsp;<\/strong>\u2013&nbsp;<strong>C.da Montedoro, n. 24 \u2013 62010 &#8211; Urbisaglia (MC)<\/strong>.<\/p>\n\n\n\n<p><strong>LUOGO DI TRATTAMENTO DEI DATI<\/strong><\/p>\n\n\n\n<p>I trattamenti connessi ai servizi web di questo sito hanno luogo presso gli uffici amministrativi di&nbsp;<strong>F.LLI MASSIMI S.n.c.&nbsp;<\/strong>e sono curati solo da personale tecnico dell\u2019Ufficio formalmente incaricato del trattamento, oppure da eventuali incaricati di occasionali operazioni di manutenzione.<\/p>\n\n\n\n<p>Nessun dato derivante dal servizio web viene comunicato o diffuso.<\/p>\n\n\n\n<p><strong>TIPI DI DATI TRATTATI<\/strong><\/p>\n\n\n\n<p><em>Dati di navigazione<\/em><\/p>\n\n\n\n<p>I sistemi informatici e le procedure software preposte al funzionamento di questo sito web acquisiscono, nel corso del loro normale esercizio, alcuni dati personali la cui trasmissione \u00e8 implicita nell\u2019uso dei protocolli di comunicazione di Internet.<\/p>\n\n\n\n<p>Si tratta di informazioni che non sono raccolte per essere associate a interessati identificati, ma che per loro stessa natura potrebbero, attraverso elaborazioni ed associazioni con dati detenuti da terzi, permettere di identificare gli utenti.<\/p>\n\n\n\n<p>In questa categoria di dati rientrano gli indirizzi IP o i nomi a dominio dei computer utilizzati dagli utenti che si connettono al sito, gli indirizzi in notazione URI (Uniform Resource Identifier) delle risorse richieste, l\u2019orario della richiesta, il metodo utilizzato nel sottoporre la richiesta al server, la dimensione del file ottenuto in risposta, il codice numerico indicante lo stato della risposta data dal server (buon fine, errore, ecc.) ed altri parametri relativi al sistema operativo e all\u2019ambiente informatico dell\u2019utente.<\/p>\n\n\n\n<p>Questi dati vengono utilizzati al solo fine di ricavare informazioni statistiche anonime sull\u2019uso del sito e per controllarne il corretto funzionamento e vengono cancellati immediatamente dopo l\u2019elaborazione. I dati potrebbero essere utilizzati per l\u2019accertamento di responsabilit\u00e0 in caso di ipotetici reati informatici ai danni del sito: salva questa eventualit\u00e0, allo stato, i dati sui contatti web non persistono per pi\u00f9 di sette giorni.<\/p>\n\n\n\n<p><em>Dati forniti volontariamente dall\u2019utente<\/em><\/p>\n\n\n\n<p>L\u2019invio facoltativo, esplicito e volontario di posta elettronica agli indirizzi indicati su questo sito comporta la successiva acquisizione dell\u2019indirizzo del mittente, necessario per rispondere alle richieste, nonch\u00e9 degli eventuali altri dati personali inseriti nella missiva.<\/p>\n\n\n\n<p>Specifiche informative di sintesi verranno progressivamente riportate o visualizzate nelle pagine del sito predisposte per particolari servizi a richiesta.<\/p>\n\n\n\n<p><strong>COOKIE<\/strong><\/p>\n\n\n\n<p><em>INFORMAZIONI GENERALI, DISATTIVAZIONE E GESTIONE DEI COOKIE<\/em><\/p>\n\n\n\n<p>I cookie sono dati che vengono inviati dal sito web e memorizzati dal browser internet nel computer o in altro dispositivo (ad esempio, tablet o cellulare) dell\u2019utente. Potranno essere installati, dal dominio&nbsp;<strong>http:\/\/www.massimisicurezza.it&nbsp;<\/strong>e dai relativi sottodomini, cookie tecnici e cookie di terze parti. Ad ogni modo, l\u2019utente potr\u00e0 gestire, ovvero richiedere la disattivazione generale o la cancellazione dei cookie, modificando le impostazioni del proprio browser internet. Tale disattivazione, per\u00f2, potr\u00e0 rallentare o impedire l&#8217;accesso ad alcune parti del sito. Le impostazioni per gestire o disattivare i cookie possono variare a seconda del browser internet utilizzato, pertanto, per avere maggiori informazioni sulle modalit\u00e0 con le quali compiere tali operazioni, suggeriamo all\u2019Utente di consultare il manuale del proprio dispositivo o la funzione \u201cAiuto\u201d o \u201cHelp\u201d del proprio browser internet. Di seguito si indicano agli Utenti i link che spiegano come gestire o disabilitare i cookie per i browser internet pi\u00f9 diffusi:<\/p>\n\n\n\n<p>&#8211;&nbsp;<a href=\"https:\/\/support.microsoft.com\/it-it\/help\/17442\/windows-internet-explorer-delete-manage-cookies\" target=\"_blank\" rel=\"noreferrer noopener\"><strong>Internet Explorer<\/strong><\/a><\/p>\n\n\n\n<p>&#8211;&nbsp;<a href=\"https:\/\/support.google.com\/accounts\/answer\/61416?hl=it\" target=\"_blank\" rel=\"noreferrer noopener\"><strong>Google Chrome<\/strong><\/a><\/p>\n\n\n\n<p>&#8211;&nbsp;<a href=\"https:\/\/support.mozilla.org\/it\/kb\/Attivare%20e%20disattivare%20i%20cookie\" target=\"_blank\" rel=\"noreferrer noopener\"><strong>Mozilla Firefox<\/strong><\/a><\/p>\n\n\n\n<p>&#8211;&nbsp;<a href=\"https:\/\/help.opera.com\/en\/latest\/web-preferences\/#cookies\" target=\"_blank\" rel=\"noreferrer noopener\"><strong>Opera<\/strong><\/a><\/p>\n\n\n\n<p>&#8211;&nbsp;<a href=\"https:\/\/support.apple.com\/it-it\/HT201265\" target=\"_blank\" rel=\"noreferrer noopener\"><strong>Safari<\/strong><\/a><\/p>\n\n\n\n<p><em>COOKIE TECNICI<\/em><\/p>\n\n\n\n<p>L\u2019uso di cookie tecnici, ossia cookie necessari alla trasmissione di comunicazioni su rete di comunicazione elettronica ovvero cookie strettamente necessari al fornitore per erogare il servizio richiesto dal cliente, consente la fruizione sicura ed efficiente del nostro sito.<\/p>\n\n\n\n<p>Potranno essere installati cookie di sessione al fine di consentire l\u2019accesso e la permanenza nell\u2019area riservata del portale come utente autenticato. I cookie tecnici sono essenziali per il corretto funzionamento del nostro dominio e sono utilizzati per permettere agli utenti la normale navigazione e la possibilit\u00e0 di usufruire dei servizi avanzati disponibili sul nostro sito web. I cookie tecnici utilizzati si distinguono in cookie di sessione, che vengono memorizzati esclusivamente per la durata della navigazione fino alla chiusura del<\/p>\n\n\n\n<p>browser, e cookie persistenti che vengono salvati nella memoria del dispositivo dell\u2019utente fino alla loro scadenza o cancellazione da<\/p>\n\n\n\n<p>parte dell&#8217;utente medesimo. Il nostro sito utilizza i seguenti cookie tecnici:<\/p>\n\n\n\n<p>&#8211; Cookie tecnici di navigazione o di sessione, utilizzati per gestire la normale navigazione e l&#8217;autenticazione dell&#8217;utente;<\/p>\n\n\n\n<p>&#8211; Cookie tecnici funzionali, utilizzati per memorizzare personalizzazioni scelte dall&#8217;utente, quali, ad esempio, la lingua;<\/p>\n\n\n\n<p>&#8211; Cookie tecnici analytics, utilizzati per conoscere il modo in cui gli utenti utilizzano il nostro sito web cos\u00ec da poter valutare e migliorare il funzionamento.<\/p>\n\n\n\n<p><em>COOKIE DI TERZE PARTI<\/em><\/p>\n\n\n\n<p>Potranno essere installati cookie di terze parti. Si tratta dei cookie, analitici e di profilazione, di Google o di altri fornitori di statistiche.<\/p>\n\n\n\n<p>Tali cookie sono inviati da domini di predette terze parti esterni al nostro sito. I cookie analitici di terze parti sono impiegati per rilevare informazioni sul comportamento degli utenti sul sito. La rilevazione avviene in forma anonima, al fine di monitorare le prestazioni e migliorare l&#8217;utilizzo del sito. L\u2019utilizzo di questi cookie \u00e8 disciplinato dalle regole predisposte dalle terze parti medesime, pertanto, si invitano gli Utenti a prendere visione delle informative privacy e delle indicazioni per gestire o disabilitare i cookie pubblicate nelle seguenti pagine web:<\/p>\n\n\n\n<p>&#8211; Per cookie di Google:<\/p>\n\n\n\n<p>&#8211;&nbsp;<a href=\"https:\/\/policies.google.com\/privacy?hl=it\" target=\"_blank\" rel=\"noreferrer noopener\"><strong>Privacy Policy<\/strong><\/a><\/p>\n\n\n\n<p>&#8211;&nbsp;<a href=\"https:\/\/support.google.com\/accounts\/answer\/61416?co=GENIE.Platform%3DDesktop&amp;hl=it\" target=\"_blank\" rel=\"noreferrer noopener\"><strong>Indicazioni per gestire o disabilitare i cookie<\/strong><\/a><\/p>\n\n\n\n<p>&#8211; Per i cookie di Shynistat:<\/p>\n\n\n\n<p>&#8211;&nbsp;<a href=\"https:\/\/www.shinystat.com\/it\/informativa_privacy_generale_free.html\" target=\"_blank\" rel=\"noreferrer noopener\"><strong>Informativa estesa<\/strong><\/a><\/p>\n\n\n\n<p>&#8211;&nbsp;<a href=\"https:\/\/www.shinystat.com\/it\/informativa_cookie_sito.html\" target=\"_blank\" rel=\"noreferrer noopener\"><strong>Indicazioni per cancellare i cookie<\/strong><\/a><\/p>\n\n\n\n<p><em>VISUALIZZAZIONE DI CONTENUTI DA PIATTAFORME ESTERNE<\/em><\/p>\n\n\n\n<p>Questi servizi permettono di visualizzare contenuti ospitati su piattaforme esterne direttamente dalle pagine di questo sito e di interagire con essi. Nel caso in cui sia installato un servizio di questo tipo, \u00e8 possibile che, anche nel caso gli Utenti non utilizzino il servizio, lo stesso raccolga dati di traffico relativi alle pagine in cui \u00e8 installato.<\/p>\n\n\n\n<p>&#8211;&nbsp;<strong>Google Fonts (Google)&nbsp;<\/strong>\u00e8 un servizio di visualizzazione di stili di carattere gestito da Google Inc. che permette a questa Applicazione di integrare tali contenuti all\u2019interno delle proprie pagine.<\/p>\n\n\n\n<p>&#8211; Dati personali raccolti: Cookie e Dati di utilizzo.<\/p>\n\n\n\n<p>&#8211; Luogo del trattamento: USA \u2013 Privacy Policy<\/p>\n\n\n\n<p><strong>FACOLTATIVITA\u2019 DEL CONFERIMENTO DEI DATI<\/strong><\/p>\n\n\n\n<p>A parte quanto specificato per i dati di navigazione, l\u2019utente \u00e8 libero di fornire i dati personali riportati nei moduli di richiesta o comunque indicati in contatti per sollecitare l\u2019invio di materiale informativo o di altre comunicazioni.<\/p>\n\n\n\n<p>Il loro mancato conferimento pu\u00f2 comportare l\u2019impossibilit\u00e0 di ottenere quanto richiesto.<\/p>\n\n\n\n<p>Per completezza va ricordato che in alcuni casi (non oggetto dell\u2019ordinaria gestione di questo sito) l\u2019Autorit\u00e0 pu\u00f2 richiedere notizie e informazioni ai sensi dell&#8217;art 157 del d.lgs. n. 196\/2003, cos\u00ec come modificato dal d.lgs. 101\/2018, ai fini del controllo sul trattamento dei dati personali. In questi casi la risposta \u00e8 obbligatoria a pena di sanzione amministrativa.<\/p>\n\n\n\n<p><strong>MODALITA\u2019 DEL TRATTAMENTO<\/strong><\/p>\n\n\n\n<p>I dati personali sono trattati con strumenti automatizzati per il tempo strettamente necessario a conseguire gli scopi per cui sono stati raccolti.<\/p>\n\n\n\n<p>Specifiche misure di sicurezza sono osservate per prevenire la perdita dei dati, usi illeciti o non corretti ed accessi non autorizzati.<\/p>\n\n\n\n<p><strong>DIRITTI DEGLI INTERESSATI<\/strong><\/p>\n\n\n\n<p>Per conoscere i diritti esercitabili dall\u2019utente, Vi invitiamo a consultare il Regolamento (UE) 2016\/679 (artt. da 12 a 23 del GDPR) sul<\/p>\n\n\n\n<p>sito del Garante alla pagina web: www.garanteprivacy.it<\/p>\n\n\n\n<p style=\"margin-top:0px;margin-right:0px;margin-bottom:30px;margin-left:0px\">Ulteriori informazioni potranno essere richieste direttamente presso&nbsp;<strong>F.LLI MASSIMI S.n.c. \u2013 C.da Montedoro, n. 241 \u2013 62010 \u2013 Urbisaglia (MC) Tel. +39 0733 514038&nbsp;<\/strong>,&nbsp;<strong>fax +39 0733 506197&nbsp;<\/strong>oppure via&nbsp;<strong>email a: info@massimisicurezza.it.<\/strong><\/p>\n","protected":false},"excerpt":{"rendered":"<p>Privacy Policy e Informazioni Legali In ottemperanza agli obblighi derivanti dalla normativa europea (Regolamento (UE) 2016\/679, o anche GDPR) e nazionale (D. Lgs 30 giugno 2003 n. 196, cos\u00ec come modificato dal D.Lgs. n. 101\/2018), in questa pagina vengono descritte le modalit\u00e0 di gestione del sito www.massimisicurezza.it, con riguardo al trattamento dei dati degli utenti [&hellip;]<\/p>\n","protected":false},"author":1,"featured_media":0,"parent":0,"menu_order":0,"comment_status":"closed","ping_status":"closed","template":"","meta":{"footnotes":""},"class_list":["post-3","page","type-page","status-publish","hentry"],"_links":{"self":[{"href":"https:\/\/massimisicurezza.it\/index.php?rest_route=\/wp\/v2\/pages\/3","targetHints":{"allow":["GET"]}}],"collection":[{"href":"https:\/\/massimisicurezza.it\/index.php?rest_route=\/wp\/v2\/pages"}],"about":[{"href":"https:\/\/massimisicurezza.it\/index.php?rest_route=\/wp\/v2\/types\/page"}],"author":[{"embeddable":true,"href":"https:\/\/massimisicurezza.it\/index.php?rest_route=\/wp\/v2\/users\/1"}],"replies":[{"embeddable":true,"href":"https:\/\/massimisicurezza.it\/index.php?rest_route=%2Fwp%2Fv2%2Fcomments&post=3"}],"version-history":[{"count":6,"href":"https:\/\/massimisicurezza.it\/index.php?rest_route=\/wp\/v2\/pages\/3\/revisions"}],"predecessor-version":[{"id":403,"href":"https:\/\/massimisicurezza.it\/index.php?rest_route=\/wp\/v2\/pages\/3\/revisions\/403"}],"wp:attachment":[{"href":"https:\/\/massimisicurezza.it\/index.php?rest_route=%2Fwp%2Fv2%2Fmedia&parent=3"}],"curies":[{"name":"wp","href":"https:\/\/api.w.org\/{rel}","templated":true}]}}